{"id":47,"date":"2024-01-22T10:09:11","date_gmt":"2024-01-22T09:09:11","guid":{"rendered":"https:\/\/lavilainebidouille.fr\/?page_id=47"},"modified":"2024-01-22T11:06:00","modified_gmt":"2024-01-22T10:06:00","slug":"qui-sommes-nous","status":"publish","type":"page","link":"https:\/\/lavilainebidouille.fr\/index.php\/qui-sommes-nous\/","title":{"rendered":"Qui sommes-nous"},"content":{"rendered":"\n<blockquote class=\"wp-block-quote is-layout-flow wp-block-quote-is-layout-flow\">\n<p><strong>Qui&nbsp;sommes-nous ?<\/strong><\/p>\n\n\n\n<p><strong>La Vilaine Bidouille est une association regroupant des bidouilleurs(*) du pays de Redon.<\/strong><\/p>\n\n\n\n<p><strong>Ce nom malicieux indique un territoire&nbsp;: le pays de la Vilaine, et un esprit&nbsp;: \u00ab&nbsp;la d\u00e9brouille&nbsp;\u00bb \u00e9lev\u00e9e au rang de syst\u00e8me dans un cadre coop\u00e9ratif et ouvert, en s\u2019appuyant sur la r\u00e9volution apport\u00e9e par les outils num\u00e9riques. <\/strong><\/p>\n\n\n\n<p><strong>Le lien social.<\/strong><\/p>\n\n\n\n<p>La Vilaine Bidouille est en interaction avec des acteurs de la vie locale tels que le <a href=\"https:\/\/www.cinemanivel.fr\/\">Cin\u00e9 Manivel<\/a>, la m\u00e9diath\u00e8que de Redon, la <a href=\"https:\/\/www.lafede.fr\/\">F\u00e9d\u00e9<\/a>, les m\u00e9diath\u00e8ques des bourgs environnants (Renac, Allaire\u2026) Elle participe aux projets en favorisant la participation des citoyens (collecte de po\u00e8mes, d\u2019anecdotes, de r\u00e9cits de vie, de critiques de films). Elle r\u00e9pond \u00e0 des demandes ponctuelles de citoyens souhaitant r\u00e9soudre des obstacles techniques (manettes jeu vid\u00e9o pour une personne handicap\u00e9e par exemple).<\/p>\n\n\n\n<p><strong>Partage des connaissances<\/strong><\/p>\n\n\n\n<p>Les membres de l\u2019association se r\u00e9unissent r\u00e9guli\u00e8rement pour discuter des projets en cours et aussi bien partager leurs connaissances techniques que leurs savoir-faire. Des petits groupes de travail se constituent de mani\u00e8re informelle pour les r\u00e9alisations techniques et la r\u00e9solution de probl\u00e8mes pratiques.<\/p>\n\n\n\n<p><strong>Autonomie et confiance en soi<\/strong><\/p>\n\n\n\n<p>Les connaissances vari\u00e9es des membres de l\u2019association permettent un partage des comp\u00e9tences dans la bienveillance et chacun apporte ses id\u00e9es et ses bidouillages pour faire avancer les projets.<\/p>\n\n\n\n<p><strong>Initiation ouverte \u00e0 toutes et tous<\/strong><\/p>\n\n\n\n<p>Elle intervient aupr\u00e8s de centres de loisirs pour aborder le volet technique de cr\u00e9ation d\u2019objets ludiques avec des jeunes(centre de loisir de Guipry-Messac, centre de loisir St Nicolas de Redon). Elle a \u00e9t\u00e9 invit\u00e9e pour organiser une initiation \u00e0 l\u2019EREA de Redon.<\/p>\n\n\n\n<p><strong>Intelligence collective<\/strong><\/p>\n\n\n\n<p>Aussi bien entre les membres de l\u2019association qu\u2019avec les partenaires, les \u00e9changes r\u00e9guliers tout au long des projets favorisent la construction collective et la participation active des participants.<\/p>\n\n\n\n<p><strong>R\u00e9alisations<\/strong><\/p>\n\n\n\n<ul class=\"wp-block-list\">\n<li>restitution sonore du projet Tam a Tam au th\u00e9\u00e2tre Le Canal<\/li>\n\n\n\n<li>t\u00e9l\u00e9phone \u00e0 po\u00e8mes (cin\u00e9manivel)<\/li>\n\n\n\n<li>citrouille qui parle (Redonnerie)<\/li>\n\n\n\n<li>animation des f\u00eates de fin d\u2019ann\u00e9e (march\u00e9 de no\u00ebl de Redon) avec la F\u00e9d\u00e9<\/li>\n\n\n\n<li>assistance sonorisation groupe patrimoine d\u2019Allaire<\/li>\n\n\n\n<li>t\u00e9l\u00e9phone \u00e0 po\u00e8mes m\u00e9diath\u00e8que de Redon<\/li>\n<\/ul>\n\n\n\n<p><br><\/p>\n\n\n\n<p>(*) &nbsp;Bidouilleurs : &nbsp;Bricoleurs, Makers, Hackers, Inventeurs, Curieux, Passionn\u00e9s de Techniques, de Pratiques, d\u2019Echanges inter-Sociaux, inter-Culturels, Citoyens du Pays de Redon (mais aussi d\u2019ailleurs), Artistes, Cr\u00e9atifs, Amateurs et Professionnels, F\u00e9rus d\u2019Education Populaire, et d\u2019Esprit Collaboratif, Convaincus que le partage est La Solution qui nous fera tous grandir et nous permettre de faire grandir Nos Projets\u2026<\/p>\n<\/blockquote>\n","protected":false},"excerpt":{"rendered":"","protected":false},"author":2,"featured_media":0,"parent":0,"menu_order":0,"comment_status":"closed","ping_status":"closed","template":"template-page-builder-no-sidebar.php","meta":{"footnotes":""},"class_list":["post-47","page","type-page","status-publish","hentry"],"_links":{"self":[{"href":"https:\/\/lavilainebidouille.fr\/index.php\/wp-json\/wp\/v2\/pages\/47","targetHints":{"allow":["GET"]}}],"collection":[{"href":"https:\/\/lavilainebidouille.fr\/index.php\/wp-json\/wp\/v2\/pages"}],"about":[{"href":"https:\/\/lavilainebidouille.fr\/index.php\/wp-json\/wp\/v2\/types\/page"}],"author":[{"embeddable":true,"href":"https:\/\/lavilainebidouille.fr\/index.php\/wp-json\/wp\/v2\/users\/2"}],"replies":[{"embeddable":true,"href":"https:\/\/lavilainebidouille.fr\/index.php\/wp-json\/wp\/v2\/comments?post=47"}],"version-history":[{"count":6,"href":"https:\/\/lavilainebidouille.fr\/index.php\/wp-json\/wp\/v2\/pages\/47\/revisions"}],"predecessor-version":[{"id":504,"href":"https:\/\/lavilainebidouille.fr\/index.php\/wp-json\/wp\/v2\/pages\/47\/revisions\/504"}],"wp:attachment":[{"href":"https:\/\/lavilainebidouille.fr\/index.php\/wp-json\/wp\/v2\/media?parent=47"}],"curies":[{"name":"wp","href":"https:\/\/api.w.org\/{rel}","templated":true}]}}