{"id":91,"date":"2023-04-11T08:20:31","date_gmt":"2023-04-11T06:20:31","guid":{"rendered":"https:\/\/lavilainebidouille.fr\/?page_id=91"},"modified":"2024-01-22T11:56:15","modified_gmt":"2024-01-22T10:56:15","slug":"nous-contacter","status":"publish","type":"page","link":"https:\/\/lavilainebidouille.fr\/index.php\/nous-contacter\/","title":{"rendered":"Nous \u00e9crire"},"content":{"rendered":"\n<div class=\"wp-block-contact-form-7-contact-form-selector\">\n<div class=\"wpcf7 no-js\" id=\"wpcf7-f86-o1\" lang=\"fr-FR\" dir=\"ltr\" data-wpcf7-id=\"86\">\n<div class=\"screen-reader-response\"><p role=\"status\" aria-live=\"polite\" aria-atomic=\"true\"><\/p> <ul><\/ul><\/div>\n<form action=\"\/index.php\/wp-json\/wp\/v2\/pages\/91#wpcf7-f86-o1\" method=\"post\" class=\"wpcf7-form init\" aria-label=\"Formulaire de contact\" novalidate=\"novalidate\" data-status=\"init\">\n<fieldset class=\"hidden-fields-container\"><input type=\"hidden\" name=\"_wpcf7\" value=\"86\" \/><input type=\"hidden\" name=\"_wpcf7_version\" value=\"6.1.5\" \/><input type=\"hidden\" name=\"_wpcf7_locale\" value=\"fr_FR\" \/><input type=\"hidden\" name=\"_wpcf7_unit_tag\" value=\"wpcf7-f86-o1\" \/><input type=\"hidden\" name=\"_wpcf7_container_post\" value=\"0\" \/><input type=\"hidden\" name=\"_wpcf7_posted_data_hash\" value=\"\" \/>\n<\/fieldset>\n<p><label> Votre nom *<br \/>\n<span class=\"wpcf7-form-control-wrap\" data-name=\"your-name\"><input size=\"40\" maxlength=\"400\" class=\"wpcf7-form-control wpcf7-text wpcf7-validates-as-required\" autocomplete=\"name\" aria-required=\"true\" aria-invalid=\"false\" value=\"\" type=\"text\" name=\"your-name\" \/><\/span> <\/label><br \/>\n<label> Votre e-mail *<br \/>\n<span class=\"wpcf7-form-control-wrap\" data-name=\"your-email\"><input size=\"40\" maxlength=\"400\" class=\"wpcf7-form-control wpcf7-email wpcf7-validates-as-required wpcf7-text wpcf7-validates-as-email\" autocomplete=\"email\" aria-required=\"true\" aria-invalid=\"false\" value=\"\" type=\"email\" name=\"your-email\" \/><\/span> <\/label><br \/>\n<label> Objet *<br \/>\n<span class=\"wpcf7-form-control-wrap\" data-name=\"your-subject\"><input size=\"40\" maxlength=\"400\" class=\"wpcf7-form-control wpcf7-text wpcf7-validates-as-required\" aria-required=\"true\" aria-invalid=\"false\" value=\"\" type=\"text\" name=\"your-subject\" \/><\/span> <\/label><br \/>\n<label> Votre message *<br \/>\n<span class=\"wpcf7-form-control-wrap\" data-name=\"your-message\"><textarea cols=\"40\" rows=\"10\" maxlength=\"2000\" class=\"wpcf7-form-control wpcf7-textarea\" aria-invalid=\"false\" name=\"your-message\"><\/textarea><\/span> <\/label>\n<\/p>\n<p><p><span class=\"wpcf7-form-control-wrap\"><div class=\"f12-captcha template-2\">\r\n    <div class=\"c-header\">\r\n        <!-- Label correctly linked with `for` -->\r\n        <div class=\"c-label\">\r\n            <label for=\"c_b5287ddc3277654b8c69\">\r\n\t\t\t\tCAPTCHA            <\/label>\r\n        <\/div>\r\n\r\n        <!-- CAPTCHA data with ARIA LIVE region -->\r\n        <div class=\"c-data\" aria-live=\"polite\" aria-atomic=\"true\" aria-describedby=\"captcha-instructions\">\r\n\t\t\t<span class=\"captcha-image\"><img id=\"cpi_69f2d915663340.79057218\" alt=\"captcha\" loading=\"eager\" decoding=\"sync\" class=\"no-lazy skip-lazy\" data-skip-lazy=\"true\" data-no-lazy=\"1\" src=\"data:image\/png;base64,iVBORw0KGgoAAAANSUhEUgAAAH0AAAAeCAYAAAAB4BHRAAAACXBIWXMAAA7EAAAOxAGVKw4bAAAMwUlEQVRoge2be3hU9ZnHPzMZhmTIZYghRIgxT4gXQHm4aV4Bi8qOa4W2luqjtj4Vdrc77aplteqpdtk+LuWh8yDSUlBHbaG2KzzaFmkRlFFWQPQHIkIMctkIIaYhCclkEmdynczsH79zdAi5Gy7d8v3nzPmd933Pe877+7233xm4gAu4gAs4Z1BK5SilrjrXevx\/hONcK9AZSqmbgA1AKvAIUDJAOelAFlAmIrFB0MspIm1fVs75ANuZFK6UsgO5QFREKvvI8xdgDhAELjGHcwE3sK+3F6+U+h1wF3pCrxCRBQNUH6XUlYAB3ALkAG3AbmC5iPxpoHLPNexnSrBS6jagGTgO7FJKZfeBpwC41TxdLiJNwFzgMLALuLwXfh9wD9rgm4AHv4T+3wX2A\/PQBm9Bv68ZwB+VUuuVUs4+yspUSv3DQHUZbJwxo4vIq8BK8zQX\/aJ6CycPmDo1AivMsWDCdXd3jEqp7wOPmqfFwJ0DdetKqRuAXwNOU9Z0EUkB0gAvEAZuA1b3Qda\/A8eA2QPR5UzgjBkdQER+BFhucAawqjtapZQLvaoAnhaRRvN3otEzu+GdA\/zKPK0CZotIeIBqAyxHe4sKYKaIvAsgIi0i8hzwLZPu20qp23uRdR+Qjp7I5wXOqNFNfAcdBwH+1VyRXWEeeiU3AcsSxns0ulJqMrAWbaQm4GsiUjFQZZVShcBE83SJiIQ604jIFuB189ToRWS6eWwYqE6DjQFn72aSI0AyUCwi7yqlstCZdyZwtYhERaRFKfU1dEzOB36plCoRkXc6iXzAPD4nIrUJ490aXSmVB7yGzvRjwL0ismegz2RinPWjpj6iPF7fPwHT0a7+A+ClgN+oAdajE7ypSqlCESm1+DxenzPgN6yE0zL6ebPS+210pVQ+8Az6gRPHFfA9YJo5lAnUAIhIzb\/857PLw81ty7MyUpx33zR+vVLqGhEpM3nnAleis+OlnW6ZuNIuMo1w9KHbi4qBN9BJFsBPROQP3eg8EXgeKBWRu5VSU4EbTNlKRBLLQgdAXWMzqzZ8sB7IS7h2D\/BTj9c3HziSMH4zUArg8fqygL8Etm5rSXMNvRy9KAAWKKVmAztF5Mmu9Dxb6Jd7V0rlAtvQBm9Dx+ungHfRq\/6PCeSnrMoX\/uv7KxqbWssPfxpk18HKLOAtswFjBxaZZGtEpNLj9S31eH3HPF7fb0Ukik6ciLS0Z6MTrM0Zw4ZuQE8Ui+\/nPaieC0wFJiilHkd7naXoifCR6bUsVHTE4vz3WyXE4vE8dFw3gDuBXwAuYO3WD8sSK4npCb+XAHIiGMkDRiWMX4VO\/q7rQc+zgv6u9OXomR8CZonIXuuCUmoe2iAWTou\/7dHYD4DNb+87zuTLcgqSnY6dwEa0S40CSzxe37eBh9Fu3ZoMQSC1vLqhAGB4WnKT3W6bYV4rQ3sYADxen6ANWgW8FfAbz0aa27Jbox2ku4YWOpLsi4E9wFb0RIiKyKEENfcePF7bdjLU5Bw6JKmltb2jKOA3rB7Dyx6vbxewtvhojXHTpHyLZ2IC\/2GAl9\/+eNV\/3DNjO\/C+Of6gqWvN6a\/17KLPK91063PN00cSDQ4gImvQK8HCaUYP+I3XgTeb26JsLy4HKAB+aF5+aeHqbZnoiRMF7gj4DStOBgGqQ5FRAPkjMxJl5wPzPF6fw+P1LQZ2oCuFUcAWj9f3qG\/de88v\/8Nu\/lr7mROdgBWJiCEis4A7Oj1H9OPjJ48ATB+f61w0f2aiFyDgN9bZoKqusbngs+Y2K04XJJAcBWht7\/iWb917xr7Samv8bRF51aoEziX6496\/YtJHgXXd0CxFJ1TQTXmFbq3GdpZUxBoirdZY7MPSqmfQyVEy8EDAb2xN4AkCNERaCwFyMlNBr5hagKpg+Bmnw34QeBwdCtagc4tbgcWAPdvtwp2aDLAwsX5PKA0\/xyeV9QrAnZZsB9YrpR5SShUopfKUUvNyMlMzAbbvL3\/RZElWSmV7vL77+SLETQs3t91+pKLOEvtlSshBRX\/c+3jzWCEiYY\/Xl40usy5Du9K1IvKxUqoEmEA3Rg\/4jX0er++lWDx+z+bdpaG7bhzv7ojFyv+047APHTpWBvzGs53YggAnQ00OgBFuVxiYBWTvKC4PbN1X5oh2xAuHOOzvtEdjd6Mz7XnAE0DZ\/bdNfSd7+LB5QLAv2X1Ta\/RDgE9rGqOTCnPS0SXkMoD2aIxQuAWAkrKTsdlSaLFloZO5sHl\/x5hRw5+bftUlVon6N5m9W1loi8fruxm9Kl0J1x\/1eH13Hig7GTpUXseky0Ze0YOsx4DbD5TVuqvrI7z3cUUe2k1vAbrqlWv3Xq8XS3s0dsfC1dvC6CrC7nTYmSNjKBo7OhMImZPyKNrtLskePmySKedQF7K7wiYg9v7hE7GRw4dtKRo7+iogJ9oRq\/ld4KOm5rZogdajIzeBxw5sCfiNNI\/XtwOYcd240ftHZ6VZ188bo\/fHvbcB1Idb3Hxh8K3Aj4An0TP8+f2fVGfu+6SaJLs9vTtBAb9RgdlmXfPGfj44UmW322xH0XG8q9ZpsCHSSktbB3abLbR264Fc4CN07A7\/860TNxaNHQ06IVxr8rxpHqN84XXK+\/KgAb9RBjwNODeq0psXrt4WWrh62\/YnXtzhOlYVKgB+BmCzkbifEErQvRigrLphrKWDiLT05d5nA\/0x+jGAt\/cdz0EbfGXAb8wK+I2nAn7jEaAIsB+pCI5zDXVw6ciM3mQvttts4XBzOylOB1+fdtmigN\/objXUVddHAIjF4250qeVEVxGpv9m83w\/sM2nnKKWWAgHz\/Aq+MHpio6c3LEAnplH0ZLrBvOdjmFXFEEeSNbFDQOIu4kcAwcZmy\/efN\/Ec+md0BXDweC3oF7Ew8aKZaa\/siMXtedkZ0H0iZ9E3JjuTtgP84zUFTLn84uQeyIPVwVPe2yF0vbsQoLW94yfANzATO+DhH869JhudVN7AAIy+aP5M96L5M3fe940pTwHfRG+YXBzwGz\/HrL9HZLisDaBNnTZ3igFC4RarsXPeuHboh9FFZG9tQ1NFc1uUbLcrHPAbp\/WkR2elRQAuHZkBPeyIWWhuiyYDDE9LAZ0QdodglbnSU1OcW4BJAb+xF3gBncXLwtXbrkQ3UKIAIzJcy50O+xHgyoZIa5Ypp+40yd3g8Kd1+UdPhF4Z4kh6dNH8mdkBv7Ep4ZnnAFxxyUWWUX\/dib0EoLGp1WrO\/G0aHeCTyvrnAS5KT3Gbna3PoZTKLLjYvQAgLzsdelnpAPG4pklNHgJQ2ANp0HLv140bvTngN1oAzKO1OfOEiGxFl4QAzqlXjMoDOFpZb03APq\/0379Z0rT69f2s+58DtLZHn1FK\/VgpNe7BJb+5P8luW2a32ZhQkA3wgnnfz2GGqfJIc3tmW7QD9EbQeYN+GX2jKl0DUBWMACxWSn2glFqilFoFHDxe3TAqyW5jlM5YezU66ERoWIoTTm1wnIJIc1u4tqEJGzCxcGTn+Pg02pji8fpuFpFfAL8HuDw30wVQWllv0fbZ6AG\/cchm489VwQhPvbLL\/ts3ipcse0UdKCk7+auOWNx5a9EYUlOcL6G3TrvC7jiw6tU9+DfuneDx+nK7oTvr6JfRA36jHCipD7fwmiqNxeLxycCPgX\/bc\/hEVnlNIylOR6kjyQ59cO\/o2pZhyUP2olujXeK1XaXujlic4WnJpLuGnhL7A34jDPzSPH3CPH4P2H3pyIygI8nO0RP9NzpAPM6dwKam1iillfWEwq24hg6Jzpqcv71o7OjrReQ7PXy+tRog+FkLFSc\/S\/7qtWPeV0rtMPcvzikGsrW6AAiog3+17\/3fqmBWRkpVQ6Q1PdLSnguQkZpcgnbVdqWUu6v9aACP1+dGZ8M1IjKlpxse+rTOkl1L173rFejSUTxe3y0i8jq6muDex1ct+8qEvIdi8Th2m61fRjfDx2yP11eI9kRVG1Y8VLyhb7ybZt\/35NW3XFvgzx\/pnjbC7cpB7wjmojdxzhn6\/RGF2R79JlDVFu3IrKwLj4u0tIcx6+Lhqcm7Esh7c\/ErgRd7oaE9GnsHWHDsRGi+iLzchU4hwOri\/TTx2g++PuWx8fkjrrbbbNdj9sX7i4DfKA34jS0Bv1HcH77XVj1c8sC9c6ePcLsuAW5E78YN6OvewcSAv4b1eH0O4Fp0trwHvZs0+a4bx00fnz9ip0l2zSB81NBXfbLRvQQX8FVzc+cCusCAv5wJ+I0oeh8dj9fnQvfbD43PH1GWQNaXZG5QEPAbNR6v7yJ0I6VPX6n+vWKw\/uwwzZT1Ln34kPFMwYzBe3sl\/DvHYH0Yeb153GH2mKcAY4BXB0n+BQwi\/g9Wid281YAb5gAAAABJRU5ErkJggg==\" \/><\/span>        <\/div>\r\n\r\n        <!-- CAPTCHA reload with keyboard accessibility -->\r\n        <div class=\"c-reload\" role=\"button\" tabindex=\"0\" aria-label=\"Actualiser le CAPTCHA\">\r\n\t\t\t<a href=\"#\" class=\"cf7 captcha-reload\" style=\"display:inline-flex !important; align-items:center !important; justify-content:center !important; background-color:#2196f3 !important; padding:3px !important; border-radius:3px !important; line-height:0 !important; box-sizing:content-box !important; text-decoration:none !important;\" title=\"Recharger le CAPTCHA\"><img decoding=\"async\" style=\"display:block !important; width:16px !important; height:16px !important; max-width:none !important; margin:0 !important; padding:0 !important;\" src=\"https:\/\/lavilainebidouille.fr\/wp-content\/plugins\/captcha-for-contact-form-7\/core\/assets\/reload-icon.png\" alt=\"Recharger\"\/><\/a>        <\/div>\r\n\t\t    <\/div>\r\n\r\n    <!-- Hidden input values -->\r\n    <input type=\"hidden\" id=\"hash_c_b5287ddc3277654b8c69\"\r\n           name=\"f12_captcha_hash\"\r\n           value=\"$2y$12$V18Pg3IOTd0lDN0XQV6ku.59.Q8IZswHsn0tU4Z8LRDCE\/3cHSUHq\"\/>\r\n\r\n    <!-- Input field with accessibility attributes -->\r\n    <div class=\"\" >\r\n        <input class=\"f12c \"\r\n               data-method=\"image\"                type=\"text\"\r\n               id=\"c_b5287ddc3277654b8c69\"\r\n               name=\"f12_captcha\"\r\n               placeholder=\"CAPTCHA\"\r\n               value=\"\"\r\n               aria-required=\"true\"\r\n               aria-describedby=\"captcha-instructions\"\/>\r\n    <\/div>\r\n\r\n    <!-- Screen reader instructions -->\r\n    <p id=\"captcha-instructions\" class=\"screen-reader-text\">\r\n\t\tVeuillez saisir les caract\u00e8res affich\u00e9s dans le CAPTCHA pour v\u00e9rifier que vous \u00eates humain.    <\/p>\r\n<\/div><input type=\"hidden\" name=\"behavior_nonce\" value=\"\" \/><script>\r\n(function(){\r\n\tvar el = document.currentScript;\r\n\tif (!el) return;\r\n\tvar form = el.closest(\"form\");\r\n\tif (!form || form.dataset.ssInit === \"1\") return;\r\n\tform.dataset.ssInit = \"1\";\r\n\tform.dataset.ssMode = \"protect\";\r\n\tform.dataset.ssSource = \"rule\";\r\n})();\r\n<\/script><\/span><\/p><input class=\"wpcf7-form-control wpcf7-submit has-spinner\" type=\"submit\" value=\"Envoyer\" \/><br \/>\n(*) obligatoire\n<\/p><div class=\"wpcf7-response-output\" aria-hidden=\"true\"><\/div>\n<\/form>\n<\/div>\n<\/div>\n","protected":false},"excerpt":{"rendered":"","protected":false},"author":2,"featured_media":0,"parent":0,"menu_order":0,"comment_status":"closed","ping_status":"closed","template":"onecolumn-page.php","meta":{"footnotes":""},"class_list":["post-91","page","type-page","status-publish","hentry"],"_links":{"self":[{"href":"https:\/\/lavilainebidouille.fr\/index.php\/wp-json\/wp\/v2\/pages\/91","targetHints":{"allow":["GET"]}}],"collection":[{"href":"https:\/\/lavilainebidouille.fr\/index.php\/wp-json\/wp\/v2\/pages"}],"about":[{"href":"https:\/\/lavilainebidouille.fr\/index.php\/wp-json\/wp\/v2\/types\/page"}],"author":[{"embeddable":true,"href":"https:\/\/lavilainebidouille.fr\/index.php\/wp-json\/wp\/v2\/users\/2"}],"replies":[{"embeddable":true,"href":"https:\/\/lavilainebidouille.fr\/index.php\/wp-json\/wp\/v2\/comments?post=91"}],"version-history":[{"count":2,"href":"https:\/\/lavilainebidouille.fr\/index.php\/wp-json\/wp\/v2\/pages\/91\/revisions"}],"predecessor-version":[{"id":102,"href":"https:\/\/lavilainebidouille.fr\/index.php\/wp-json\/wp\/v2\/pages\/91\/revisions\/102"}],"wp:attachment":[{"href":"https:\/\/lavilainebidouille.fr\/index.php\/wp-json\/wp\/v2\/media?parent=91"}],"curies":[{"name":"wp","href":"https:\/\/api.w.org\/{rel}","templated":true}]}}